{"id":307,"date":"2024-11-25T21:19:44","date_gmt":"2024-11-25T21:19:44","guid":{"rendered":"https:\/\/www.lechenicher-narrenzunft.de\/?page_id=307"},"modified":"2025-07-21T12:10:39","modified_gmt":"2025-07-21T12:10:39","slug":"stadtgarde","status":"publish","type":"page","link":"https:\/\/www.lechenicher-narrenzunft.de\/index.php\/stadtgarde\/","title":{"rendered":"Stadtgarde"},"content":{"rendered":"\t\t<div data-elementor-type=\"wp-page\" data-elementor-id=\"307\" class=\"elementor elementor-307\" data-elementor-post-type=\"page\">\n\t\t\t\t<div class=\"elementor-element elementor-element-b8655b2 e-con-full e-flex e-con e-parent\" data-id=\"b8655b2\" data-element_type=\"container\">\n\t\t<div class=\"elementor-element elementor-element-6047a74 e-con-full e-flex e-con e-child\" data-id=\"6047a74\" data-element_type=\"container\">\n\t\t\t\t<\/div>\n\t\t\t\t<div class=\"elementor-element elementor-element-7ec4f0c elementor-widget elementor-widget-theme-post-title elementor-page-title elementor-widget-heading\" data-id=\"7ec4f0c\" data-element_type=\"widget\" data-widget_type=\"theme-post-title.default\">\n\t\t\t\t<div class=\"elementor-widget-container\">\n\t\t\t\t\t<h1 class=\"elementor-heading-title elementor-size-default\">Stadtgarde<\/h1>\t\t\t\t<\/div>\n\t\t\t\t<\/div>\n\t\t\t\t<div class=\"elementor-element elementor-element-d09eb22 elementor-widget elementor-widget-text-editor\" data-id=\"d09eb22\" data-element_type=\"widget\" data-widget_type=\"text-editor.default\">\n\t\t\t\t<div class=\"elementor-widget-container\">\n\t\t\t\t\t\t\t\t\t\u00a9 Foto Ralph M\u00fcller\t\t\t\t\t\t\t\t<\/div>\n\t\t\t\t<\/div>\n\t\t<div class=\"elementor-element elementor-element-213bd07 e-grid e-con-full e-con e-child\" data-id=\"213bd07\" data-element_type=\"container\">\n\t\t\t\t<\/div>\n\t\t\t\t<div class=\"elementor-element elementor-element-e748fbf elementor-widget elementor-widget-text-editor\" data-id=\"e748fbf\" data-element_type=\"widget\" data-widget_type=\"text-editor.default\">\n\t\t\t\t<div class=\"elementor-widget-container\">\n\t\t\t\t\t\t\t\t\t<p><img fetchpriority=\"high\" decoding=\"async\" src=\"https:\/\/www.lechenicher-narrenzunft.de\/wp-content\/uploads\/2025\/07\/2022_05_23_Lechenicher_Stadtgarde_10_15_150_006-1024x576.jpg\" alt=\"\" width=\"800\" height=\"450\" \/><\/p><p>\u00a9 Foto Ralph M\u00fcller<\/p><p>Die Lechenicher Stadtgarde \u2013 Ein Traditionscorps mit junger GeschichteIm Gleichtakt wirbelnde Beine, temperamentvoll-elegante Schrittfolgen, schwungvolle Pirouetten \u2013 fetzig-feurige T\u00e4nze zu mitrei\u00dfenden Rhythmen; es dauert nur Momente und schon ist jeder Jeck im Saal auf absolute Hochstimmung gebracht.<\/p><p>Die professionell choreografierten und in vielen schwei\u00dftreibenden Trainingsstunden ge\u00fcbten und perfekt dargebotenen T\u00e4nze sind zweifellos das unverwechselbare Markenzeichen der Lechenicher Stadtgarde, mit denen sie in ihrer verh\u00e4ltnism\u00e4\u00dfig jungen Geschichte \u2013 1997 gegr\u00fcndet \u2013 orientierende Ma\u00dfst\u00e4be f\u00fcr andere Traditionscorps setzte. Dabei werden traditionelle Corpst\u00e4nze neben fetzigen Showt\u00e4nzen auf die B\u00fchne gebracht, die das Publikum regelm\u00e4\u00dfig von den St\u00fchlen rei\u00dft.<\/p><p>Das ist es aber nicht alleine. Ein optisch pr\u00e4chtiges Bild zeigen die Gardisten ihrem Publikum beim Einmarsch und auf der B\u00fchne \u2026 mit ihren blitzsauberen, schmucken wei\u00df-roten Uniformen, auf den K\u00f6pfen imposante Federbusch-Dreispitze, die blinkenden S\u00e4bel im Gleichtakt schwingend, begeistert den eigenen Gardemarsch schmetternd \u2013 ziehen sie in die S\u00e4le ein. Die Uniformen lehnen sich \u00fcbrigens an den Parademonturen der preu\u00dfischen K\u00fcrassiere an; \u00e4hnliche tr\u00e4gt die K\u00f6lner Prinzengarde.<\/p><p>Milit\u00e4risch jeck<\/p><p>Warum m\u00fcssen sich Karnevalsjecken eigentlich in Kost\u00fcme wanden, die soldatischen Ursprung haben und damit nicht unbedingt und auf den ersten Blick fr\u00f6hliche Symbolik verk\u00f6rpern? Nun, erstens geht man im Rheinischen mit streng Milit\u00e4rischem doch etwas lockerer um; es ist mehr \u2013 und vordergr\u00fcndig \u2013 das farbige Bild historischer Uniformen, das Menschen zu jeder Zeit besticht.<\/p><p>Traditionscorps wissen das und ihre Mitglieder haben Spa\u00df an d\u2019r Freud an und in historischen Uniformen. Aber da gibt es noch einen anderen, hintergr\u00fcndigen Aspekt und der bezieht sich auf die Persiflage, auf die Verballhornung milit\u00e4rischer Traditionen und Gebr\u00e4uche. Die Mitglieder von Traditionscorps dunn nit schee\u00dfe und steche, die dunn b\u00fctze un laache, \u00f6m de L\u00fcck, de Minsche Freud zo maache \u2013 in historischen Uniformen und einem Augenzwinkern gegen\u00fcber dem Milit\u00e4rischen.<\/p><p>Session und danach<\/p><p>Was macht die Lechenicher Stadtgarde, was machen die Gardisten eigentlich au\u00dferhalb der Sessionen? In der hei\u00dfen Phase des Karnevals eilte die Garde von H\u00f6hepunkt zu H\u00f6hepunkt und danach \u00f6ffnet sich kein schwarzes Loch, sondern es reihen sich erlebnisreiche Veranstaltungen unterschiedlichster Art wie auf einer Perlenschnur auf: Feste, Touren mit kulturhistorischen Schmankerln, Gardeappelle, Familienradtour, Reitveranstaltungen, Trainingswochenende, Herrentour, Fu\u00dfballturnier und, und \u2026 manchmal w\u00fcnscht man ein wenig mehr Jahr f\u00fcr all die unterhaltsamen, kurzweiligen und interessanten Treffen, Veranstaltungen und Begebenheiten. Die Kameradschaft zwischen den Gardisten findet das ganze Jahr \u00fcber statt und wird besonders gepflegt.<\/p><p>Interesse geweckt und weitere Infos gew\u00fcnscht? Kein Problem mit einem <a href=\"http:\/\/www.lechenicher-stadtgerade.de\"> Klick<\/a> sind Sie auf der Webseite unseres stolzen Traditionscorps \u2026\u201c<\/p><p>(<a href=\"http:\/\/www.lechenicher-stadtgarde.de\">www.lechenicher-stadtgarde.de<\/a>)<\/p><div>\u00a0<\/div><div>\u00a0<\/div><div>\u00a0<\/div>\t\t\t\t\t\t\t\t<\/div>\n\t\t\t\t<\/div>\n\t\t\t\t<\/div>\n\t\t\t\t<\/div>\n\t\t","protected":false},"excerpt":{"rendered":"<p>\u00a9 Foto Ralph M\u00fcller \u00a9 Foto Ralph M\u00fcller Die Lechenicher Stadtgarde \u2013 Ein Traditionscorps mit junger GeschichteIm Gleichtakt wirbelnde Beine, temperamentvoll-elegante Schrittfolgen, schwungvolle Pirouetten \u2013 fetzig-feurige T\u00e4nze zu mitrei\u00dfenden Rhythmen; es dauert nur Momente und schon ist jeder Jeck im Saal auf absolute Hochstimmung gebracht. Die professionell choreografierten und in vielen schwei\u00dftreibenden Trainingsstunden ge\u00fcbten und [&hellip;]<\/p>\n","protected":false},"author":1,"featured_media":0,"parent":0,"menu_order":0,"comment_status":"closed","ping_status":"closed","template":"elementor_header_footer","meta":{"footnotes":""},"class_list":["post-307","page","type-page","status-publish","hentry"],"_links":{"self":[{"href":"https:\/\/www.lechenicher-narrenzunft.de\/index.php\/wp-json\/wp\/v2\/pages\/307","targetHints":{"allow":["GET"]}}],"collection":[{"href":"https:\/\/www.lechenicher-narrenzunft.de\/index.php\/wp-json\/wp\/v2\/pages"}],"about":[{"href":"https:\/\/www.lechenicher-narrenzunft.de\/index.php\/wp-json\/wp\/v2\/types\/page"}],"author":[{"embeddable":true,"href":"https:\/\/www.lechenicher-narrenzunft.de\/index.php\/wp-json\/wp\/v2\/users\/1"}],"replies":[{"embeddable":true,"href":"https:\/\/www.lechenicher-narrenzunft.de\/index.php\/wp-json\/wp\/v2\/comments?post=307"}],"version-history":[{"count":16,"href":"https:\/\/www.lechenicher-narrenzunft.de\/index.php\/wp-json\/wp\/v2\/pages\/307\/revisions"}],"predecessor-version":[{"id":1560,"href":"https:\/\/www.lechenicher-narrenzunft.de\/index.php\/wp-json\/wp\/v2\/pages\/307\/revisions\/1560"}],"wp:attachment":[{"href":"https:\/\/www.lechenicher-narrenzunft.de\/index.php\/wp-json\/wp\/v2\/media?parent=307"}],"curies":[{"name":"wp","href":"https:\/\/api.w.org\/{rel}","templated":true}]}}