{"id":322,"date":"2024-11-25T21:21:06","date_gmt":"2024-11-25T21:21:06","guid":{"rendered":"https:\/\/www.lechenicher-narrenzunft.de\/?page_id=322"},"modified":"2025-03-11T10:44:49","modified_gmt":"2025-03-11T10:44:49","slug":"der-senat","status":"publish","type":"page","link":"https:\/\/www.lechenicher-narrenzunft.de\/index.php\/der-senat\/","title":{"rendered":"Der Senat"},"content":{"rendered":"\t\t<div data-elementor-type=\"wp-page\" data-elementor-id=\"322\" class=\"elementor elementor-322\" data-elementor-post-type=\"page\">\n\t\t\t\t<div class=\"elementor-element elementor-element-b8655b2 e-flex e-con-boxed e-con e-parent\" data-id=\"b8655b2\" data-element_type=\"container\">\n\t\t\t\t\t<div class=\"e-con-inner\">\n\t\t<div class=\"elementor-element elementor-element-6047a74 e-con-full e-flex e-con e-child\" data-id=\"6047a74\" data-element_type=\"container\">\n\t\t\t\t<\/div>\n\t\t\t\t<div class=\"elementor-element elementor-element-7ec4f0c elementor-widget elementor-widget-theme-post-title elementor-page-title elementor-widget-heading\" data-id=\"7ec4f0c\" data-element_type=\"widget\" data-widget_type=\"theme-post-title.default\">\n\t\t\t\t<div class=\"elementor-widget-container\">\n\t\t\t\t\t<h1 class=\"elementor-heading-title elementor-size-default\">Der Senat<\/h1>\t\t\t\t<\/div>\n\t\t\t\t<\/div>\n\t\t\t\t<div class=\"elementor-element elementor-element-e748fbf elementor-widget elementor-widget-text-editor\" data-id=\"e748fbf\" data-element_type=\"widget\" data-widget_type=\"text-editor.default\">\n\t\t\t\t<div class=\"elementor-widget-container\">\n\t\t\t\t\t\t\t\t\t<p>Der Senat unterst\u00fctzt die Lechenicher Narrenzunft bei der Pflege des rheinischen Brauchtums und durch Mitgestaltung im Karneval.<\/p><p>Der Senat gr\u00fcndete sich 1984, es fanden sich 7 Lechenicher B\u00fcrger und haben sich der Brauchtumspflege verschrieben und von Jahr zu Jahr wurden neue Akzente gesetzt. Derzeit besteht der Senat aus 15 Senatoren, neu durften wir in diesem Jahr Ulrike und Marco Kempa begr\u00fc\u00dfen.<\/p><p>Beim allj\u00e4hrlichen Senatsfr\u00fchschoppen treffen sich Lechenicher G\u00e4ste, karnevalistische W\u00fcrdentr\u00e4ger sowie Ex- und amtierende Tollit\u00e4ten. Das unterhaltsame Programm wird durch Lechenicher Kr\u00e4fte gestaltet.\u00a0<\/p><p>Die G\u00e4ste werden mit Getr\u00e4nken und k\u00f6lschen Tapas bewirtet.<\/p><p>Im Jahr 2025 wurde der Windb\u00fcggelorden an das Ehepaar Doris und Mathias Buchbinder verliehen, die unterhaltsame Laudatio hielt Pastor Wilhelm H\u00f6sen. <br \/>Im Jahr 2024 wurde der Windb\u00fcggelorden an Herrn Pastor Hans-Peter Kippels verliehen, der durch Herzlichkeit und Engagement Jung und Alt, Karneval und Kirche zusammenbringt. Er ist unser Br\u00fcckenbauer zwischen Kirche und Karneval geworden.<\/p><p>Seit 2016 f\u00e4hrt der Senat am Karnevalssonntag mit einem Gro\u00dfwagen mit und begeistert die jecken Strassenkarnevalisten.<\/p><p>Einmal j\u00e4hrlich startet der Senat zu einer dreit\u00e4gigen Wochenendreise, immer andere St\u00e4dte und L\u00e4nder, dies f\u00f6rdert bei guter Stimmung die Gemeinsamkeit. <br \/>Zu den Aufgaben des Senats geh\u00f6rt die F\u00f6rderung der Kinder- und Jugendarbeit der LNZ.<\/p><p>Alle zwei Monate treffen sich die Senatoren mit ihren Frauen zum Senats-Stammtisch, aktuelle Thermen und Karnevalsvorbereitungen sind Inhalte dieser Abende.<\/p><p>Zum zweiten Mal wiederholt gew\u00e4hlt ist nun Senatspr\u00e4sident Frank G\u00fcth.<\/p><div>\u00a0<\/div><div>\u00a0<\/div>\t\t\t\t\t\t\t\t<\/div>\n\t\t\t\t<\/div>\n\t\t\t\t<div class=\"elementor-element elementor-element-91166ad elementor-widget elementor-widget-text-editor\" data-id=\"91166ad\" data-element_type=\"widget\" data-widget_type=\"text-editor.default\">\n\t\t\t\t<div class=\"elementor-widget-container\">\n\t\t\t\t\t\t\t\t\t<p><strong>2025\u00a0 Der Senat mit einem Grosswagen im Karnevalszug vertreten und <\/strong><strong>f\u00fcr die Jecken am Strassenrand mit Spass und Freude dabei.<\/strong><\/p><p>\u00a0<img fetchpriority=\"high\" decoding=\"async\" class=\"alignnone wp-image-1374 size-large\" src=\"https:\/\/www.lechenicher-narrenzunft.de\/wp-content\/uploads\/2025\/03\/image00001-1024x614.jpeg\" alt=\"\" width=\"800\" height=\"480\" srcset=\"https:\/\/www.lechenicher-narrenzunft.de\/wp-content\/uploads\/2025\/03\/image00001-1024x614.jpeg 1024w, https:\/\/www.lechenicher-narrenzunft.de\/wp-content\/uploads\/2025\/03\/image00001-300x180.jpeg 300w, https:\/\/www.lechenicher-narrenzunft.de\/wp-content\/uploads\/2025\/03\/image00001-768x460.jpeg 768w, https:\/\/www.lechenicher-narrenzunft.de\/wp-content\/uploads\/2025\/03\/image00001-1536x921.jpeg 1536w, https:\/\/www.lechenicher-narrenzunft.de\/wp-content\/uploads\/2025\/03\/image00001.jpeg 1600w\" sizes=\"(max-width: 800px) 100vw, 800px\" \/><\/p><p><strong>M\u00c4RZ 2025 Senats-Stammtisch \/ Fischessen<\/strong><\/p><p><strong>Zum 3. Mal in Folge wurde FRANK G\u00dcTH einstimmig zum Senatspr\u00e4sidenten\u00a0<\/strong><\/p><p><strong>gew\u00e4hlt mit seiner Frau Iris sowie dem gesch\u00e4ftsf\u00fchrenden Vorstand<\/strong><\/p><p><strong>Thorsten und Kathrin Ruegenberg und Artur und Angela Helme<\/strong><\/p><p><img decoding=\"async\" class=\"alignnone size-large wp-image-1375\" src=\"https:\/\/www.lechenicher-narrenzunft.de\/wp-content\/uploads\/2025\/03\/image00002-1024x768.jpeg\" alt=\"\" width=\"800\" height=\"600\" srcset=\"https:\/\/www.lechenicher-narrenzunft.de\/wp-content\/uploads\/2025\/03\/image00002-1024x768.jpeg 1024w, https:\/\/www.lechenicher-narrenzunft.de\/wp-content\/uploads\/2025\/03\/image00002-300x225.jpeg 300w, https:\/\/www.lechenicher-narrenzunft.de\/wp-content\/uploads\/2025\/03\/image00002-768x576.jpeg 768w, https:\/\/www.lechenicher-narrenzunft.de\/wp-content\/uploads\/2025\/03\/image00002-1536x1152.jpeg 1536w, https:\/\/www.lechenicher-narrenzunft.de\/wp-content\/uploads\/2025\/03\/image00002.jpeg 1600w\" sizes=\"(max-width: 800px) 100vw, 800px\" \/><\/p><p><strong>Senatspr\u00e4sident Frank G\u00fcth<\/strong><\/p><p><img decoding=\"async\" class=\"alignnone size-medium wp-image-1373\" src=\"https:\/\/www.lechenicher-narrenzunft.de\/wp-content\/uploads\/2025\/03\/image00003-211x300.jpeg\" alt=\"\" width=\"211\" height=\"300\" srcset=\"https:\/\/www.lechenicher-narrenzunft.de\/wp-content\/uploads\/2025\/03\/image00003-211x300.jpeg 211w, https:\/\/www.lechenicher-narrenzunft.de\/wp-content\/uploads\/2025\/03\/image00003-721x1024.jpeg 721w, https:\/\/www.lechenicher-narrenzunft.de\/wp-content\/uploads\/2025\/03\/image00003-768x1091.jpeg 768w, https:\/\/www.lechenicher-narrenzunft.de\/wp-content\/uploads\/2025\/03\/image00003-1081x1536.jpeg 1081w, https:\/\/www.lechenicher-narrenzunft.de\/wp-content\/uploads\/2025\/03\/image00003.jpeg 1126w\" sizes=\"(max-width: 211px) 100vw, 211px\" \/><\/p>\t\t\t\t\t\t\t\t<\/div>\n\t\t\t\t<\/div>\n\t\t\t\t<div class=\"elementor-element elementor-element-abea126 elementor-widget elementor-widget-image\" data-id=\"abea126\" data-element_type=\"widget\" data-widget_type=\"image.default\">\n\t\t\t\t<div class=\"elementor-widget-container\">\n\t\t\t\t\t\t\t\t\t\t\t\t\t\t\t<img loading=\"lazy\" decoding=\"async\" width=\"1600\" height=\"884\" src=\"https:\/\/www.lechenicher-narrenzunft.de\/wp-content\/uploads\/2025\/01\/PHOTO-2025-01-23-15-04-38.jpg\" class=\"attachment-full size-full wp-image-1230\" alt=\"\" srcset=\"https:\/\/www.lechenicher-narrenzunft.de\/wp-content\/uploads\/2025\/01\/PHOTO-2025-01-23-15-04-38.jpg 1600w, https:\/\/www.lechenicher-narrenzunft.de\/wp-content\/uploads\/2025\/01\/PHOTO-2025-01-23-15-04-38-300x166.jpg 300w, https:\/\/www.lechenicher-narrenzunft.de\/wp-content\/uploads\/2025\/01\/PHOTO-2025-01-23-15-04-38-1024x566.jpg 1024w, https:\/\/www.lechenicher-narrenzunft.de\/wp-content\/uploads\/2025\/01\/PHOTO-2025-01-23-15-04-38-768x424.jpg 768w, https:\/\/www.lechenicher-narrenzunft.de\/wp-content\/uploads\/2025\/01\/PHOTO-2025-01-23-15-04-38-1536x849.jpg 1536w\" sizes=\"(max-width: 1600px) 100vw, 1600px\" \/>\t\t\t\t\t\t\t\t\t\t\t\t\t\t\t<\/div>\n\t\t\t\t<\/div>\n\t\t<div class=\"elementor-element elementor-element-213bd07 e-grid e-con-full e-con e-child\" data-id=\"213bd07\" data-element_type=\"container\">\n\t\t\t\t<\/div>\n\t\t\t\t\t<\/div>\n\t\t\t\t<\/div>\n\t\t\t\t<\/div>\n\t\t","protected":false},"excerpt":{"rendered":"<p>Der Senat unterst\u00fctzt die Lechenicher Narrenzunft bei der Pflege des rheinischen Brauchtums und durch Mitgestaltung im Karneval. Der Senat gr\u00fcndete sich 1984, es fanden sich 7 Lechenicher B\u00fcrger und haben sich der Brauchtumspflege verschrieben und von Jahr zu Jahr wurden neue Akzente gesetzt. Derzeit besteht der Senat aus 15 Senatoren, neu durften wir in diesem [&hellip;]<\/p>\n","protected":false},"author":1,"featured_media":1230,"parent":0,"menu_order":0,"comment_status":"closed","ping_status":"closed","template":"elementor_header_footer","meta":{"footnotes":""},"class_list":["post-322","page","type-page","status-publish","has-post-thumbnail","hentry"],"_links":{"self":[{"href":"https:\/\/www.lechenicher-narrenzunft.de\/index.php\/wp-json\/wp\/v2\/pages\/322","targetHints":{"allow":["GET"]}}],"collection":[{"href":"https:\/\/www.lechenicher-narrenzunft.de\/index.php\/wp-json\/wp\/v2\/pages"}],"about":[{"href":"https:\/\/www.lechenicher-narrenzunft.de\/index.php\/wp-json\/wp\/v2\/types\/page"}],"author":[{"embeddable":true,"href":"https:\/\/www.lechenicher-narrenzunft.de\/index.php\/wp-json\/wp\/v2\/users\/1"}],"replies":[{"embeddable":true,"href":"https:\/\/www.lechenicher-narrenzunft.de\/index.php\/wp-json\/wp\/v2\/comments?post=322"}],"version-history":[{"count":35,"href":"https:\/\/www.lechenicher-narrenzunft.de\/index.php\/wp-json\/wp\/v2\/pages\/322\/revisions"}],"predecessor-version":[{"id":1378,"href":"https:\/\/www.lechenicher-narrenzunft.de\/index.php\/wp-json\/wp\/v2\/pages\/322\/revisions\/1378"}],"wp:featuredmedia":[{"embeddable":true,"href":"https:\/\/www.lechenicher-narrenzunft.de\/index.php\/wp-json\/wp\/v2\/media\/1230"}],"wp:attachment":[{"href":"https:\/\/www.lechenicher-narrenzunft.de\/index.php\/wp-json\/wp\/v2\/media?parent=322"}],"curies":[{"name":"wp","href":"https:\/\/api.w.org\/{rel}","templated":true}]}}