{"id":663,"date":"2025-01-08T14:21:06","date_gmt":"2025-01-08T14:21:06","guid":{"rendered":"https:\/\/www.lechenicher-narrenzunft.de\/?page_id=663"},"modified":"2025-02-13T09:34:06","modified_gmt":"2025-02-13T09:34:06","slug":"der-vorstand","status":"publish","type":"page","link":"https:\/\/www.lechenicher-narrenzunft.de\/index.php\/der-vorstand\/","title":{"rendered":"Der Vorstand"},"content":{"rendered":"\t\t<div data-elementor-type=\"wp-page\" data-elementor-id=\"663\" class=\"elementor elementor-663\" data-elementor-post-type=\"page\">\n\t\t\t\t<div class=\"elementor-element elementor-element-22eeed8 e-flex e-con-boxed e-con e-parent\" data-id=\"22eeed8\" data-element_type=\"container\">\n\t\t\t\t\t<div class=\"e-con-inner\">\n\t\t\t\t<div class=\"elementor-element elementor-element-120a77a elementor-widget elementor-widget-text-editor\" data-id=\"120a77a\" data-element_type=\"widget\" data-widget_type=\"text-editor.default\">\n\t\t\t\t<div class=\"elementor-widget-container\">\n\t\t\t\t\t\t\t\t\t<p><img decoding=\"async\" class=\"alignnone wp-image-1136\" src=\"https:\/\/www.lechenicher-narrenzunft.de\/wp-content\/uploads\/2025\/01\/IMG_6134_13x18cm-217x300.jpg\" alt=\"\" width=\"108\" height=\"150\" srcset=\"https:\/\/www.lechenicher-narrenzunft.de\/wp-content\/uploads\/2025\/01\/IMG_6134_13x18cm-217x300.jpg 217w, https:\/\/www.lechenicher-narrenzunft.de\/wp-content\/uploads\/2025\/01\/IMG_6134_13x18cm-740x1024.jpg 740w, https:\/\/www.lechenicher-narrenzunft.de\/wp-content\/uploads\/2025\/01\/IMG_6134_13x18cm-768x1063.jpg 768w, https:\/\/www.lechenicher-narrenzunft.de\/wp-content\/uploads\/2025\/01\/IMG_6134_13x18cm-1109x1536.jpg 1109w, https:\/\/www.lechenicher-narrenzunft.de\/wp-content\/uploads\/2025\/01\/IMG_6134_13x18cm-1479x2048.jpg 1479w, https:\/\/www.lechenicher-narrenzunft.de\/wp-content\/uploads\/2025\/01\/IMG_6134_13x18cm-scaled.jpg 1849w\" sizes=\"(max-width: 108px) 100vw, 108px\" \/> \u00a0\u00a0Michael Schmalen (Pr\u00e4sident\/1. Vorsitzender)<\/p><p>An der Baumschule 19<br \/>50374 Erftstadt<br \/>Tel. 02235\/690236<br \/>Fax 02235\/71982 <br \/>mail@michael-schmalen.de<\/p><p><img decoding=\"async\" class=\"alignnone wp-image-1141\" src=\"https:\/\/www.lechenicher-narrenzunft.de\/wp-content\/uploads\/2025\/01\/MG_1260-200x300.jpg\" alt=\"\" width=\"107\" height=\"161\" srcset=\"https:\/\/www.lechenicher-narrenzunft.de\/wp-content\/uploads\/2025\/01\/MG_1260-200x300.jpg 200w, https:\/\/www.lechenicher-narrenzunft.de\/wp-content\/uploads\/2025\/01\/MG_1260.jpg 472w\" sizes=\"(max-width: 107px) 100vw, 107px\" \/>\u00a0 Engelbert Zepp (2. Vorsitzender)<\/p><p>Frenzenstra\u00dfe 43a<br \/>50374 Erftstadt<br \/>Tel. 02235\/955310<br \/>Fax 02235\/955313<br \/>nc-architze2@netcologne.de<\/p><p><img decoding=\"async\" class=\"alignleft wp-image-1350\" src=\"https:\/\/www.lechenicher-narrenzunft.de\/wp-content\/uploads\/2025\/02\/530943b3-2411-4b23-96a9-b1cd5a905804-150x150.jpg\" alt=\"\" width=\"107\" height=\"145\" srcset=\"https:\/\/www.lechenicher-narrenzunft.de\/wp-content\/uploads\/2025\/02\/530943b3-2411-4b23-96a9-b1cd5a905804-221x300.jpg 221w, https:\/\/www.lechenicher-narrenzunft.de\/wp-content\/uploads\/2025\/02\/530943b3-2411-4b23-96a9-b1cd5a905804.jpg 609w\" sizes=\"(max-width: 107px) 100vw, 107px\" \/><\/p><p>\u00a0<\/p><p>\u00a0<\/p><p>\u00a0<\/p><p>Ralf Gawlick (3. Vorsitzender)<\/p><p>Bonner Str. 1<br \/>50374 Erftstadt<br \/>ralf.gawlick-@t-online.de<\/p><p><img loading=\"lazy\" decoding=\"async\" class=\"alignnone wp-image-1142\" src=\"https:\/\/www.lechenicher-narrenzunft.de\/wp-content\/uploads\/2025\/01\/MG_1246-210x300.jpg\" alt=\"\" width=\"107\" height=\"153\" srcset=\"https:\/\/www.lechenicher-narrenzunft.de\/wp-content\/uploads\/2025\/01\/MG_1246-210x300.jpg 210w, https:\/\/www.lechenicher-narrenzunft.de\/wp-content\/uploads\/2025\/01\/MG_1246.jpg 591w\" sizes=\"(max-width: 107px) 100vw, 107px\" \/>\u00a0 Nicole Sondermeyer (Gesch\u00e4ftsf\u00fchrerin)<\/p><p>Nicole Sondermeyer<br \/>G\u00f6rdeler Stra\u00dfe 16<br \/>50374 Erftstadt<br \/>nicole.sondermeyer@hotmail.de<\/p><p><img loading=\"lazy\" decoding=\"async\" class=\"alignnone wp-image-1143\" src=\"https:\/\/www.lechenicher-narrenzunft.de\/wp-content\/uploads\/2025\/01\/MG_1253-225x300.jpg\" alt=\"\" width=\"107\" height=\"142\" srcset=\"https:\/\/www.lechenicher-narrenzunft.de\/wp-content\/uploads\/2025\/01\/MG_1253-225x300.jpg 225w, https:\/\/www.lechenicher-narrenzunft.de\/wp-content\/uploads\/2025\/01\/MG_1253-769x1024.jpg 769w, https:\/\/www.lechenicher-narrenzunft.de\/wp-content\/uploads\/2025\/01\/MG_1253-768x1022.jpg 768w, https:\/\/www.lechenicher-narrenzunft.de\/wp-content\/uploads\/2025\/01\/MG_1253-1154x1536.jpg 1154w, https:\/\/www.lechenicher-narrenzunft.de\/wp-content\/uploads\/2025\/01\/MG_1253-1538x2048.jpg 1538w, https:\/\/www.lechenicher-narrenzunft.de\/wp-content\/uploads\/2025\/01\/MG_1253-scaled.jpg 1923w\" sizes=\"(max-width: 107px) 100vw, 107px\" \/>\u00a0 Martina Schall (Literatin)<\/p><p>Kohlstra\u00dfe 42<br \/>50374 Erftstadt<br \/>martina.schall@live.de<\/p><p><img loading=\"lazy\" decoding=\"async\" class=\"alignnone wp-image-1144\" src=\"https:\/\/www.lechenicher-narrenzunft.de\/wp-content\/uploads\/2025\/01\/MG_1255-200x300.jpg\" alt=\"\" width=\"107\" height=\"160\" srcset=\"https:\/\/www.lechenicher-narrenzunft.de\/wp-content\/uploads\/2025\/01\/MG_1255-200x300.jpg 200w, https:\/\/www.lechenicher-narrenzunft.de\/wp-content\/uploads\/2025\/01\/MG_1255-683x1024.jpg 683w, https:\/\/www.lechenicher-narrenzunft.de\/wp-content\/uploads\/2025\/01\/MG_1255-768x1152.jpg 768w, https:\/\/www.lechenicher-narrenzunft.de\/wp-content\/uploads\/2025\/01\/MG_1255-1024x1536.jpg 1024w, https:\/\/www.lechenicher-narrenzunft.de\/wp-content\/uploads\/2025\/01\/MG_1255-1365x2048.jpg 1365w, https:\/\/www.lechenicher-narrenzunft.de\/wp-content\/uploads\/2025\/01\/MG_1255-scaled.jpg 1707w\" sizes=\"(max-width: 107px) 100vw, 107px\" \/>\u00a0 Peter Ludemann (Schatzmeister)<\/p><p>An der Patria 22<br \/>50374 Erftstadt<br \/>Tel. 02235\/6878163<br \/>Fax 02235\/6878164<br \/>P.Ludemann@t-online.de<\/p><p>Beisitzer:<br \/>Julian Band<br \/>Marie-Sophie Bremer<br \/>Nils Brune<br \/>Hans Caspers\u00a0\u00a0\u00a0\u00a0\u00a0\u00a0\u00a0\u00a0\u00a0\u00a0\u00a0\u00a0\u00a0\u00a0\u00a0\u00a0\u00a0\u00a0\u00a0 <br \/>J\u00fcrgen Dohmeier\u00a0\u00a0\u00a0\u00a0\u00a0\u00a0\u00a0\u00a0\u00a0\u00a0\u00a0\u00a0\u00a0\u00a0 <br \/>Frank G\u00fcth<br \/>Werner Hanisch<br \/>Julia J\u00fc\u00dfen<br \/>Judith Kautz<br \/>Mirko Kautz<br \/>Alexander Klement<br \/>Manfred K\u00fchne<br \/>Maria Makulla<br \/>Ingrid Moritz<br \/>Andrea Reker<br \/>Luca Scancella<br \/>Klara Schall<br \/>Michael Schall<br \/>Paul Schall<br \/>Markus Schmalen<br \/>Katja Schmitz \u00a0 \u00a0 \u00a0 \u00a0 \u00a0 \u00a0 \u00a0 \u00a0 \u00a0 \u00a0 \u00a0 \u00a0 \u00a0 \u00a0\u00a0 <br \/>Paul Schmitz<br \/>Yannick Schr\u00f6der<br \/>Claudia Sondermeyer<br \/>Dirk Sondermeyer<br \/>Lisa Pniewski<br \/>Isabella Weitz<br \/>Klaus Wesling<br \/>Anna Zepp<br \/>Bettina Zepp<br \/>Dietmar Zepp<br \/>Hermann Zepp<br \/>Tobias Zepp<\/p><p>Kassenpr\u00fcfer: <br \/>Jens Schnitzler und Andreas Greul<\/p><div>\u00a0<\/div><div>\u00a0<\/div><div>\u00a0<\/div><div>\u00a0<\/div><div>\u00a0<\/div><div>\u00a0<\/div>\t\t\t\t\t\t\t\t<\/div>\n\t\t\t\t<\/div>\n\t\t\t\t\t<\/div>\n\t\t\t\t<\/div>\n\t\t\t\t<\/div>\n\t\t","protected":false},"excerpt":{"rendered":"<p>\u00a0\u00a0Michael Schmalen (Pr\u00e4sident\/1. Vorsitzender) An der Baumschule 1950374 ErftstadtTel. 02235\/690236Fax 02235\/71982 mail@michael-schmalen.de \u00a0 Engelbert Zepp (2. Vorsitzender) Frenzenstra\u00dfe 43a50374 ErftstadtTel. 02235\/955310Fax 02235\/955313nc-architze2@netcologne.de \u00a0 \u00a0 \u00a0 Ralf Gawlick (3. Vorsitzender) Bonner Str. 150374 Erftstadtralf.gawlick-@t-online.de \u00a0 Nicole Sondermeyer (Gesch\u00e4ftsf\u00fchrerin) Nicole SondermeyerG\u00f6rdeler Stra\u00dfe 1650374 Erftstadtnicole.sondermeyer@hotmail.de \u00a0 Martina Schall (Literatin) Kohlstra\u00dfe 4250374 Erftstadtmartina.schall@live.de \u00a0 Peter Ludemann (Schatzmeister) An der [&hellip;]<\/p>\n","protected":false},"author":1,"featured_media":0,"parent":0,"menu_order":0,"comment_status":"closed","ping_status":"closed","template":"","meta":{"footnotes":""},"class_list":["post-663","page","type-page","status-publish","hentry"],"_links":{"self":[{"href":"https:\/\/www.lechenicher-narrenzunft.de\/index.php\/wp-json\/wp\/v2\/pages\/663","targetHints":{"allow":["GET"]}}],"collection":[{"href":"https:\/\/www.lechenicher-narrenzunft.de\/index.php\/wp-json\/wp\/v2\/pages"}],"about":[{"href":"https:\/\/www.lechenicher-narrenzunft.de\/index.php\/wp-json\/wp\/v2\/types\/page"}],"author":[{"embeddable":true,"href":"https:\/\/www.lechenicher-narrenzunft.de\/index.php\/wp-json\/wp\/v2\/users\/1"}],"replies":[{"embeddable":true,"href":"https:\/\/www.lechenicher-narrenzunft.de\/index.php\/wp-json\/wp\/v2\/comments?post=663"}],"version-history":[{"count":38,"href":"https:\/\/www.lechenicher-narrenzunft.de\/index.php\/wp-json\/wp\/v2\/pages\/663\/revisions"}],"predecessor-version":[{"id":1362,"href":"https:\/\/www.lechenicher-narrenzunft.de\/index.php\/wp-json\/wp\/v2\/pages\/663\/revisions\/1362"}],"wp:attachment":[{"href":"https:\/\/www.lechenicher-narrenzunft.de\/index.php\/wp-json\/wp\/v2\/media?parent=663"}],"curies":[{"name":"wp","href":"https:\/\/api.w.org\/{rel}","templated":true}]}}