{"id":67,"date":"2024-08-21T07:10:37","date_gmt":"2024-08-21T07:10:37","guid":{"rendered":"https:\/\/www.lechenicher-narrenzunft.de\/index.php\/shop\/"},"modified":"2026-05-05T07:28:25","modified_gmt":"2026-05-05T07:28:25","slug":"termine","status":"publish","type":"page","link":"https:\/\/www.lechenicher-narrenzunft.de\/index.php\/termine\/","title":{"rendered":"Termine"},"content":{"rendered":"\t\t<div data-elementor-type=\"wp-page\" data-elementor-id=\"67\" class=\"elementor elementor-67\" data-elementor-post-type=\"page\">\n\t\t\t\t<div class=\"elementor-element elementor-element-6eef97e6 e-flex e-con-boxed e-con e-parent\" data-id=\"6eef97e6\" data-element_type=\"container\" data-settings=\"{&quot;background_background&quot;:&quot;classic&quot;}\">\n\t\t\t\t\t<div class=\"e-con-inner\">\n\t\t\t\t<div class=\"elementor-element elementor-element-2c648b2c elementor-widget elementor-widget-heading\" data-id=\"2c648b2c\" data-element_type=\"widget\" data-widget_type=\"heading.default\">\n\t\t\t\t<div class=\"elementor-widget-container\">\n\t\t\t\t\t<h1 class=\"elementor-heading-title elementor-size-default\">Termine<\/h1>\t\t\t\t<\/div>\n\t\t\t\t<\/div>\n\t\t\t\t\t<\/div>\n\t\t\t\t<\/div>\n\t\t<div class=\"elementor-element elementor-element-183a2d13 e-flex e-con-boxed e-con e-parent\" data-id=\"183a2d13\" data-element_type=\"container\">\n\t\t\t\t\t<div class=\"e-con-inner\">\n\t\t\t\t<div class=\"elementor-element elementor-element-f7eedd1 elementor-widget elementor-widget-heading\" data-id=\"f7eedd1\" data-element_type=\"widget\" data-widget_type=\"heading.default\">\n\t\t\t\t<div class=\"elementor-widget-container\">\n\t\t\t\t\t<h3 class=\"elementor-heading-title elementor-size-default\">Termine der Lechenicher Narrenzunft 1936 e.V.<\/h3>\t\t\t\t<\/div>\n\t\t\t\t<\/div>\n\t\t\t\t<div class=\"elementor-element elementor-element-7e4a286 elementor-widget elementor-widget-spacer\" data-id=\"7e4a286\" data-element_type=\"widget\" data-widget_type=\"spacer.default\">\n\t\t\t\t<div class=\"elementor-widget-container\">\n\t\t\t\t\t\t\t<div class=\"elementor-spacer\">\n\t\t\t<div class=\"elementor-spacer-inner\"><\/div>\n\t\t<\/div>\n\t\t\t\t\t\t<\/div>\n\t\t\t\t<\/div>\n\t\t\t\t<div class=\"elementor-element elementor-element-4f77b7d elementor-headline--style-highlight elementor-widget elementor-widget-animated-headline\" data-id=\"4f77b7d\" data-element_type=\"widget\" data-settings=\"{&quot;highlighted_text&quot;:&quot;Termine&quot;,&quot;headline_style&quot;:&quot;highlight&quot;,&quot;marker&quot;:&quot;circle&quot;,&quot;loop&quot;:&quot;yes&quot;,&quot;highlight_animation_duration&quot;:1200,&quot;highlight_iteration_delay&quot;:8000}\" data-widget_type=\"animated-headline.default\">\n\t\t\t\t<div class=\"elementor-widget-container\">\n\t\t\t\t\t\t\t<h3 class=\"elementor-headline\">\n\t\t\t\t\t<span class=\"elementor-headline-plain-text elementor-headline-text-wrapper\"> <\/span>\n\t\t\t\t<span class=\"elementor-headline-dynamic-wrapper elementor-headline-text-wrapper\">\n\t\t\t\t\t<span class=\"elementor-headline-dynamic-text elementor-headline-text-active\">Termine<\/span>\n\t\t\t\t<\/span>\n\t\t\t\t<\/h3>\n\t\t\t\t\t\t<\/div>\n\t\t\t\t<\/div>\n\t\t\t\t<div class=\"elementor-element elementor-element-5e88ab5 elementor-widget elementor-widget-spacer\" data-id=\"5e88ab5\" data-element_type=\"widget\" data-widget_type=\"spacer.default\">\n\t\t\t\t<div class=\"elementor-widget-container\">\n\t\t\t\t\t\t\t<div class=\"elementor-spacer\">\n\t\t\t<div class=\"elementor-spacer-inner\"><\/div>\n\t\t<\/div>\n\t\t\t\t\t\t<\/div>\n\t\t\t\t<\/div>\n\t\t\t\t<div class=\"elementor-element elementor-element-652f996 elementor-widget elementor-widget-spacer\" data-id=\"652f996\" data-element_type=\"widget\" data-widget_type=\"spacer.default\">\n\t\t\t\t<div class=\"elementor-widget-container\">\n\t\t\t\t\t\t\t<div class=\"elementor-spacer\">\n\t\t\t<div class=\"elementor-spacer-inner\"><\/div>\n\t\t<\/div>\n\t\t\t\t\t\t<\/div>\n\t\t\t\t<\/div>\n\t\t\t\t<div class=\"elementor-element elementor-element-864a45e elementor-widget elementor-widget-heading\" data-id=\"864a45e\" data-element_type=\"widget\" data-widget_type=\"heading.default\">\n\t\t\t\t<div class=\"elementor-widget-container\">\n\t\t\t\t\t<h4 class=\"elementor-heading-title elementor-size-default\">**unsere Veranstaltungen**<\/h4>\t\t\t\t<\/div>\n\t\t\t\t<\/div>\n\t\t\t\t<div class=\"elementor-element elementor-element-53630fd elementor-widget elementor-widget-text-editor\" data-id=\"53630fd\" data-element_type=\"widget\" data-widget_type=\"text-editor.default\">\n\t\t\t\t<div class=\"elementor-widget-container\">\n\t\t\t\t\t\t\t\t\t<p>30.04.2026 Maibaumaufstellen<br \/>05. + 06.09.26 Promenadenfest (90 Jahre LNZ)<br \/>10.09.2026 Jahreshauptversammlung, Haus Germania, Lechenich<br \/>07.11.2026 Festmesse in St. Kilian mit anschl. Empfang im Pfarrzentrum zum Abschluss der Jubil\u00e4umssession 90 Jahre LNZ<br \/>14.11.2026 Corpsappell der Stadtgarde<br \/>21.11.2026 Gro\u00dfe LNZ Sitzung<br \/>21.11.2026 Gro\u00dfe Sitzung<br \/>09.01.2027 M\u00e4dchensitzung<br \/>10.01.2027 1. Kindersitzung<br \/>23.01.2027 Gardeball<br \/>30.01.2027 Herrensitzung<br \/>31.01.2027 2. Kindersitzung<br \/>04.02.2027 Gardebiwak<br \/>07.02.2027 D\u2019r Zoch k\u00fctt<br \/>09.02.2027 Nubbelverbrennung<br \/>13.03.2027 Vorstandssitzung, Jubilarenehrung, Jahreshauptversammlung<\/p><p>30.04.2027 Maibaumaufstellen<br \/>04. + 05.09.2027 Promenadenfest<br \/>15.01.2028 1. M\u00e4dchensitzung<br \/>16.01.2028 1. Kindersitzung<br \/>29.01.2028 Gardeball<br \/>05.02.2028 Herrensitzung<br \/>06.02.2028 2. Kindersitzung<br \/>12.02.2028 2. M\u00e4dchensitzung<\/p><p>26.08. + 27.08.2028 Promenadenfest<br \/>18.11.2028 Gro\u00dfe Sitzung<\/p>\t\t\t\t\t\t\t\t<\/div>\n\t\t\t\t<\/div>\n\t\t\t\t\t<\/div>\n\t\t\t\t<\/div>\n\t\t\t\t<\/div>\n\t\t","protected":false},"excerpt":{"rendered":"<p>Termine Termine der Lechenicher Narrenzunft 1936 e.V. Termine **unsere Veranstaltungen** 30.04.2026 Maibaumaufstellen05. + 06.09.26 Promenadenfest (90 Jahre LNZ)10.09.2026 Jahreshauptversammlung, Haus Germania, Lechenich07.11.2026 Festmesse in St. Kilian mit anschl. Empfang im Pfarrzentrum zum Abschluss der Jubil\u00e4umssession 90 Jahre LNZ14.11.2026 Corpsappell der Stadtgarde21.11.2026 Gro\u00dfe LNZ Sitzung21.11.2026 Gro\u00dfe Sitzung09.01.2027 M\u00e4dchensitzung10.01.2027 1. Kindersitzung23.01.2027 Gardeball30.01.2027 Herrensitzung31.01.2027 2. Kindersitzung04.02.2027 Gardebiwak07.02.2027 D\u2019r [&hellip;]<\/p>\n","protected":false},"author":1,"featured_media":0,"parent":0,"menu_order":0,"comment_status":"closed","ping_status":"closed","template":"elementor_header_footer","meta":{"footnotes":""},"class_list":["post-67","page","type-page","status-publish","hentry"],"_links":{"self":[{"href":"https:\/\/www.lechenicher-narrenzunft.de\/index.php\/wp-json\/wp\/v2\/pages\/67","targetHints":{"allow":["GET"]}}],"collection":[{"href":"https:\/\/www.lechenicher-narrenzunft.de\/index.php\/wp-json\/wp\/v2\/pages"}],"about":[{"href":"https:\/\/www.lechenicher-narrenzunft.de\/index.php\/wp-json\/wp\/v2\/types\/page"}],"author":[{"embeddable":true,"href":"https:\/\/www.lechenicher-narrenzunft.de\/index.php\/wp-json\/wp\/v2\/users\/1"}],"replies":[{"embeddable":true,"href":"https:\/\/www.lechenicher-narrenzunft.de\/index.php\/wp-json\/wp\/v2\/comments?post=67"}],"version-history":[{"count":86,"href":"https:\/\/www.lechenicher-narrenzunft.de\/index.php\/wp-json\/wp\/v2\/pages\/67\/revisions"}],"predecessor-version":[{"id":1869,"href":"https:\/\/www.lechenicher-narrenzunft.de\/index.php\/wp-json\/wp\/v2\/pages\/67\/revisions\/1869"}],"wp:attachment":[{"href":"https:\/\/www.lechenicher-narrenzunft.de\/index.php\/wp-json\/wp\/v2\/media?parent=67"}],"curies":[{"name":"wp","href":"https:\/\/api.w.org\/{rel}","templated":true}]}}